{"id":8,"date":"2023-07-25T17:33:31","date_gmt":"2023-07-25T17:33:31","guid":{"rendered":"https:\/\/clef-alphapop.org\/?page_id=8"},"modified":"2026-03-27T19:39:25","modified_gmt":"2026-03-27T19:39:25","slug":"accueil","status":"publish","type":"page","link":"https:\/\/clef-alphapop.org\/","title":{"rendered":"Accueil"},"content":{"rendered":"\t\t<div data-elementor-type=\"wp-page\" data-elementor-id=\"8\" class=\"elementor elementor-8\">\n\t\t\t\t\t\t<section class=\"elementor-section elementor-top-section elementor-element elementor-element-ffcfce2 elementor-section-boxed elementor-section-height-default elementor-section-height-default\" data-id=\"ffcfce2\" data-element_type=\"section\" data-e-type=\"section\">\n\t\t\t\t\t\t<div class=\"elementor-container elementor-column-gap-default\">\n\t\t\t\t\t<div class=\"elementor-column elementor-col-100 elementor-top-column elementor-element elementor-element-dcd2ade\" data-id=\"dcd2ade\" data-element_type=\"column\" data-e-type=\"column\">\n\t\t\t<div class=\"elementor-widget-wrap elementor-element-populated\">\n\t\t\t\t\t\t<div class=\"elementor-element elementor-element-23b2e5f elementor-widget elementor-widget-heading\" data-id=\"23b2e5f\" data-element_type=\"widget\" data-e-type=\"widget\" data-widget_type=\"heading.default\">\n\t\t\t\t<div class=\"elementor-widget-container\">\n\t\t\t\t\t<h2 class=\"elementor-heading-title elementor-size-default\">Qui sommes-nous?<\/h2>\t\t\t\t<\/div>\n\t\t\t\t<\/div>\n\t\t\t\t\t<\/div>\n\t\t<\/div>\n\t\t\t\t\t<\/div>\n\t\t<\/section>\n\t\t\t\t<section class=\"elementor-section elementor-top-section elementor-element elementor-element-68494d6 elementor-section-boxed elementor-section-height-default elementor-section-height-default\" data-id=\"68494d6\" data-element_type=\"section\" data-e-type=\"section\">\n\t\t\t\t\t\t<div class=\"elementor-container elementor-column-gap-default\">\n\t\t\t\t\t<div class=\"elementor-column elementor-col-100 elementor-top-column elementor-element elementor-element-0ef4fa5\" data-id=\"0ef4fa5\" data-element_type=\"column\" data-e-type=\"column\">\n\t\t\t<div class=\"elementor-widget-wrap elementor-element-populated\">\n\t\t\t\t\t\t<div class=\"elementor-element elementor-element-5ce1dad elementor-widget elementor-widget-text-editor\" data-id=\"5ce1dad\" data-element_type=\"widget\" data-e-type=\"widget\" data-widget_type=\"text-editor.default\">\n\t\t\t\t<div class=\"elementor-widget-container\">\n\t\t\t\t\t\t\t\t\t<p>CLEF Mitis-Neigette fait de l&#8217;alphab\u00e9tisation populaire.<br \/>On offre des ateliers pour apprendre \u00e0 lire, \u00e0 \u00e9crire, \u00e0 compter et \u00e0 utiliser un ordinateur.<br \/>On peut aussi t&#8217;aider \u00e0 remplir un formulaire, envoyer un courriel, comprendre une facture&#8230;<\/p><p>Pour en savoir plus, appelle-nous au <strong>418-724-6749 (poste 0)<\/strong><\/p>\t\t\t\t\t\t\t\t<\/div>\n\t\t\t\t<\/div>\n\t\t\t\t\t<\/div>\n\t\t<\/div>\n\t\t\t\t\t<\/div>\n\t\t<\/section>\n\t\t\t\t<section class=\"elementor-section elementor-top-section elementor-element elementor-element-19986f3 elementor-section-boxed elementor-section-height-default elementor-section-height-default\" data-id=\"19986f3\" data-element_type=\"section\" data-e-type=\"section\">\n\t\t\t\t\t\t<div class=\"elementor-container elementor-column-gap-default\">\n\t\t\t\t\t<div class=\"elementor-column elementor-col-100 elementor-top-column elementor-element elementor-element-cbde967\" data-id=\"cbde967\" data-element_type=\"column\" data-e-type=\"column\">\n\t\t\t<div class=\"elementor-widget-wrap elementor-element-populated\">\n\t\t\t\t\t\t<div class=\"elementor-element elementor-element-ff13a9c elementor-widget elementor-widget-spacer\" data-id=\"ff13a9c\" data-element_type=\"widget\" data-e-type=\"widget\" data-widget_type=\"spacer.default\">\n\t\t\t\t<div class=\"elementor-widget-container\">\n\t\t\t\t\t\t\t<div class=\"elementor-spacer\">\n\t\t\t<div class=\"elementor-spacer-inner\"><\/div>\n\t\t<\/div>\n\t\t\t\t\t\t<\/div>\n\t\t\t\t<\/div>\n\t\t\t\t<div class=\"elementor-element elementor-element-b1c3099 elementor-arrows-position-inside elementor-widget elementor-widget-image-carousel\" data-id=\"b1c3099\" data-element_type=\"widget\" data-e-type=\"widget\" data-settings=\"{&quot;slides_to_show&quot;:&quot;1&quot;,&quot;navigation&quot;:&quot;arrows&quot;,&quot;autoplay&quot;:&quot;yes&quot;,&quot;pause_on_hover&quot;:&quot;yes&quot;,&quot;pause_on_interaction&quot;:&quot;yes&quot;,&quot;autoplay_speed&quot;:5000,&quot;infinite&quot;:&quot;yes&quot;,&quot;effect&quot;:&quot;slide&quot;,&quot;speed&quot;:500}\" data-widget_type=\"image-carousel.default\">\n\t\t\t\t<div class=\"elementor-widget-container\">\n\t\t\t\t\t\t\t<div class=\"elementor-image-carousel-wrapper swiper\" role=\"region\" aria-roledescription=\"carousel\" aria-label=\"Carrousel d\u2019images\" dir=\"ltr\">\n\t\t\t<div class=\"elementor-image-carousel swiper-wrapper\" aria-live=\"off\">\n\t\t\t\t\t\t\t\t<div class=\"swiper-slide\" role=\"group\" aria-roledescription=\"slide\" aria-label=\"1 of 6\"><a data-elementor-open-lightbox=\"yes\" data-elementor-lightbox-slideshow=\"b1c3099\" data-elementor-lightbox-title=\"Photo 1 (3)\" data-e-action-hash=\"#elementor-action%3Aaction%3Dlightbox%26settings%3DeyJpZCI6MTQ1MiwidXJsIjoiaHR0cHM6XC9cL2NsZWYtYWxwaGFwb3Aub3JnXC93cC1jb250ZW50XC91cGxvYWRzXC8yMDI2XC8wM1wvUGhvdG8tMS0zLmpwZyIsInNsaWRlc2hvdyI6ImIxYzMwOTkifQ%3D%3D\" href=\"https:\/\/clef-alphapop.org\/wp-content\/uploads\/2026\/03\/Photo-1-3.jpg\"><figure class=\"swiper-slide-inner\"><img decoding=\"async\" class=\"swiper-slide-image\" src=\"https:\/\/clef-alphapop.org\/wp-content\/uploads\/2026\/03\/Photo-1-3-768x547.jpg\" alt=\"Photo 1 (3)\" \/><\/figure><\/a><\/div><div class=\"swiper-slide\" role=\"group\" aria-roledescription=\"slide\" aria-label=\"2 of 6\"><a data-elementor-open-lightbox=\"yes\" data-elementor-lightbox-slideshow=\"b1c3099\" data-elementor-lightbox-title=\"caroussel2\" data-e-action-hash=\"#elementor-action%3Aaction%3Dlightbox%26settings%3DeyJpZCI6OTcsInVybCI6Imh0dHBzOlwvXC9jbGVmLWFscGhhcG9wLm9yZ1wvd3AtY29udGVudFwvdXBsb2Fkc1wvMjAyM1wvMDhcL01pY3Jvc29mdFRlYW1zLWltYWdlLTUtc2NhbGVkLmpwZyIsInNsaWRlc2hvdyI6ImIxYzMwOTkifQ%3D%3D\" href=\"https:\/\/clef-alphapop.org\/wp-content\/uploads\/2023\/08\/MicrosoftTeams-image-5-scaled.jpg\"><figure class=\"swiper-slide-inner\"><img decoding=\"async\" class=\"swiper-slide-image\" src=\"https:\/\/clef-alphapop.org\/wp-content\/uploads\/2023\/08\/MicrosoftTeams-image-5-768x516.jpg\" alt=\"Photo d&#039;un atelier de lecture pr\u00e9sentant des affiches papiers accroch\u00e9es sur une corde \u00e0 linge\" \/><\/figure><\/a><\/div><div class=\"swiper-slide\" role=\"group\" aria-roledescription=\"slide\" aria-label=\"3 of 6\"><a data-elementor-open-lightbox=\"yes\" data-elementor-lightbox-slideshow=\"b1c3099\" data-elementor-lightbox-title=\"caroussel1\" data-e-action-hash=\"#elementor-action%3Aaction%3Dlightbox%26settings%3DeyJpZCI6OTIsInVybCI6Imh0dHBzOlwvXC9jbGVmLWFscGhhcG9wLm9yZ1wvd3AtY29udGVudFwvdXBsb2Fkc1wvMjAyM1wvMDhcL01pY3Jvc29mdFRlYW1zLWltYWdlLTQtc2NhbGVkLmpwZyIsInNsaWRlc2hvdyI6ImIxYzMwOTkifQ%3D%3D\" href=\"https:\/\/clef-alphapop.org\/wp-content\/uploads\/2023\/08\/MicrosoftTeams-image-4-scaled.jpg\"><figure class=\"swiper-slide-inner\"><img decoding=\"async\" class=\"swiper-slide-image\" src=\"https:\/\/clef-alphapop.org\/wp-content\/uploads\/2023\/08\/MicrosoftTeams-image-4-768x516.jpg\" alt=\"photo d&#039;une affiche sur un p\u00f4teau\" \/><\/figure><\/a><\/div><div class=\"swiper-slide\" role=\"group\" aria-roledescription=\"slide\" aria-label=\"4 of 6\"><a data-elementor-open-lightbox=\"yes\" data-elementor-lightbox-slideshow=\"b1c3099\" data-elementor-lightbox-title=\"pournous\" data-e-action-hash=\"#elementor-action%3Aaction%3Dlightbox%26settings%3DeyJpZCI6NjkxLCJ1cmwiOiJodHRwczpcL1wvY2xlZi1hbHBoYXBvcC5vcmdcL3dwLWNvbnRlbnRcL3VwbG9hZHNcLzIwMjNcLzA4XC9Qb3VyX25vdXMtc2NhbGVkLmpwZyIsInNsaWRlc2hvdyI6ImIxYzMwOTkifQ%3D%3D\" href=\"https:\/\/clef-alphapop.org\/wp-content\/uploads\/2023\/08\/Pour_nous-scaled.jpg\"><figure class=\"swiper-slide-inner\"><img decoding=\"async\" class=\"swiper-slide-image\" src=\"https:\/\/clef-alphapop.org\/wp-content\/uploads\/2023\/08\/Pour_nous-768x516.jpg\" alt=\"photo d&#039;une main tenant un crayon qui a dessin\u00e9 un bonhomme sourire et \u00e9crit les mots : pour nous!\" \/><\/figure><\/a><\/div><div class=\"swiper-slide\" role=\"group\" aria-roledescription=\"slide\" aria-label=\"5 of 6\"><a data-elementor-open-lightbox=\"yes\" data-elementor-lightbox-slideshow=\"b1c3099\" data-elementor-lightbox-title=\"caroussel4\" data-e-action-hash=\"#elementor-action%3Aaction%3Dlightbox%26settings%3DeyJpZCI6OTksInVybCI6Imh0dHBzOlwvXC9jbGVmLWFscGhhcG9wLm9yZ1wvd3AtY29udGVudFwvdXBsb2Fkc1wvMjAyM1wvMDhcL01pY3Jvc29mdFRlYW1zLWltYWdlLTctc2NhbGVkLmpwZyIsInNsaWRlc2hvdyI6ImIxYzMwOTkifQ%3D%3D\" href=\"https:\/\/clef-alphapop.org\/wp-content\/uploads\/2023\/08\/MicrosoftTeams-image-7-scaled.jpg\"><figure class=\"swiper-slide-inner\"><img decoding=\"async\" class=\"swiper-slide-image\" src=\"https:\/\/clef-alphapop.org\/wp-content\/uploads\/2023\/08\/MicrosoftTeams-image-7-768x516.jpg\" alt=\"photo d&#039;un main tenant un crayon et qui \u00e9crit sur une feuille de papier\" \/><\/figure><\/a><\/div><div class=\"swiper-slide\" role=\"group\" aria-roledescription=\"slide\" aria-label=\"6 of 6\"><a data-elementor-open-lightbox=\"yes\" data-elementor-lightbox-slideshow=\"b1c3099\" data-elementor-lightbox-title=\"caroussel3\" data-e-action-hash=\"#elementor-action%3Aaction%3Dlightbox%26settings%3DeyJpZCI6OTgsInVybCI6Imh0dHBzOlwvXC9jbGVmLWFscGhhcG9wLm9yZ1wvd3AtY29udGVudFwvdXBsb2Fkc1wvMjAyM1wvMDhcL01pY3Jvc29mdFRlYW1zLWltYWdlLTYtc2NhbGVkLmpwZyIsInNsaWRlc2hvdyI6ImIxYzMwOTkifQ%3D%3D\" href=\"https:\/\/clef-alphapop.org\/wp-content\/uploads\/2023\/08\/MicrosoftTeams-image-6-scaled.jpg\"><figure class=\"swiper-slide-inner\"><img decoding=\"async\" class=\"swiper-slide-image\" src=\"https:\/\/clef-alphapop.org\/wp-content\/uploads\/2023\/08\/MicrosoftTeams-image-6-768x516.jpg\" alt=\"photo d&#039;une atelier de lecture dans une classe\" \/><\/figure><\/a><\/div>\t\t\t<\/div>\n\t\t\t\t\t\t\t\t\t\t\t\t<div class=\"elementor-swiper-button elementor-swiper-button-prev\" role=\"button\" tabindex=\"0\">\n\t\t\t\t\t\t<i aria-hidden=\"true\" class=\"eicon-chevron-left\"><\/i>\t\t\t\t\t<\/div>\n\t\t\t\t\t<div class=\"elementor-swiper-button elementor-swiper-button-next\" role=\"button\" tabindex=\"0\">\n\t\t\t\t\t\t<i aria-hidden=\"true\" class=\"eicon-chevron-right\"><\/i>\t\t\t\t\t<\/div>\n\t\t\t\t\n\t\t\t\t\t\t\t\t\t<\/div>\n\t\t\t\t\t\t<\/div>\n\t\t\t\t<\/div>\n\t\t\t\t<div class=\"elementor-element elementor-element-25ece75 elementor-widget elementor-widget-spacer\" data-id=\"25ece75\" data-element_type=\"widget\" data-e-type=\"widget\" data-widget_type=\"spacer.default\">\n\t\t\t\t<div class=\"elementor-widget-container\">\n\t\t\t\t\t\t\t<div class=\"elementor-spacer\">\n\t\t\t<div class=\"elementor-spacer-inner\"><\/div>\n\t\t<\/div>\n\t\t\t\t\t\t<\/div>\n\t\t\t\t<\/div>\n\t\t\t\t<div class=\"elementor-element elementor-element-3bd3a55 elementor-widget elementor-widget-heading\" data-id=\"3bd3a55\" data-element_type=\"widget\" data-e-type=\"widget\" data-widget_type=\"heading.default\">\n\t\t\t\t<div class=\"elementor-widget-container\">\n\t\t\t\t\t<h2 class=\"elementor-heading-title elementor-size-default\">Suivez-nous sur Facebook<\/h2>\t\t\t\t<\/div>\n\t\t\t\t<\/div>\n\t\t\t\t\t<\/div>\n\t\t<\/div>\n\t\t\t\t\t<\/div>\n\t\t<\/section>\n\t\t\t\t<section class=\"elementor-section elementor-top-section elementor-element elementor-element-10b65f2 elementor-section-boxed elementor-section-height-default elementor-section-height-default\" data-id=\"10b65f2\" data-element_type=\"section\" data-e-type=\"section\">\n\t\t\t\t\t\t<div class=\"elementor-container elementor-column-gap-default\">\n\t\t\t\t\t<div class=\"elementor-column elementor-col-100 elementor-top-column elementor-element elementor-element-f3266aa\" data-id=\"f3266aa\" data-element_type=\"column\" data-e-type=\"column\" data-settings=\"{&quot;background_background&quot;:&quot;classic&quot;}\">\n\t\t\t<div class=\"elementor-widget-wrap elementor-element-populated\">\n\t\t\t\t\t\t<div class=\"elementor-element elementor-element-d3ea0cd e-transform e-transform elementor-widget elementor-widget-html\" data-id=\"d3ea0cd\" data-element_type=\"widget\" data-e-type=\"widget\" data-settings=\"{&quot;_transform_scale_effect&quot;:{&quot;unit&quot;:&quot;px&quot;,&quot;size&quot;:1,&quot;sizes&quot;:[]},&quot;_transform_translateX_effect&quot;:{&quot;unit&quot;:&quot;px&quot;,&quot;size&quot;:&quot;&quot;,&quot;sizes&quot;:[]},&quot;_transform_translateX_effect_tablet&quot;:{&quot;unit&quot;:&quot;px&quot;,&quot;size&quot;:&quot;&quot;,&quot;sizes&quot;:[]},&quot;_transform_translateX_effect_mobile&quot;:{&quot;unit&quot;:&quot;px&quot;,&quot;size&quot;:&quot;&quot;,&quot;sizes&quot;:[]},&quot;_transform_translateY_effect&quot;:{&quot;unit&quot;:&quot;px&quot;,&quot;size&quot;:&quot;&quot;,&quot;sizes&quot;:[]},&quot;_transform_translateY_effect_tablet&quot;:{&quot;unit&quot;:&quot;px&quot;,&quot;size&quot;:&quot;&quot;,&quot;sizes&quot;:[]},&quot;_transform_translateY_effect_mobile&quot;:{&quot;unit&quot;:&quot;px&quot;,&quot;size&quot;:&quot;&quot;,&quot;sizes&quot;:[]},&quot;_transform_scale_effect_tablet&quot;:{&quot;unit&quot;:&quot;px&quot;,&quot;size&quot;:&quot;&quot;,&quot;sizes&quot;:[]},&quot;_transform_scale_effect_mobile&quot;:{&quot;unit&quot;:&quot;px&quot;,&quot;size&quot;:&quot;&quot;,&quot;sizes&quot;:[]}}\" data-widget_type=\"html.default\">\n\t\t\t\t<div class=\"elementor-widget-container\">\n\t\t\t\t\t<div id=\"fb-root\"><\/div>\r\n<script async defer crossorigin=\"anonymous\" src=\"https:\/\/connect.facebook.net\/fr_FR\/sdk.js#xfbml=1&version=v17.0\" nonce=\"3XdGIgPd\"><\/script>\r\n<div class=\"fb-page\" data-href=\"https:\/\/www.facebook.com\/clefmitisneigette\/?locale=fr_CA\" data-tabs=\"timeline\" data-width=\"\" data-height=\"\" data-small-header=\"false\" data-adapt-container-width=\"true\" data-hide-cover=\"false\" data-show-facepile=\"false\"><blockquote cite=\"https:\/\/www.facebook.com\/clefmitisneigette\/?locale=fr_CA\" class=\"fb-xfbml-parse-ignore\"><a href=\"https:\/\/www.facebook.com\/clefmitisneigette\/?locale=fr_CA\">CLEF Mitis-Neigette<\/a><\/blockquote><\/div>\t\t\t\t<\/div>\n\t\t\t\t<\/div>\n\t\t\t\t\t<\/div>\n\t\t<\/div>\n\t\t\t\t\t<\/div>\n\t\t<\/section>\n\t\t\t\t<section class=\"elementor-section elementor-top-section elementor-element elementor-element-0a6c751 elementor-section-boxed elementor-section-height-default elementor-section-height-default\" data-id=\"0a6c751\" data-element_type=\"section\" data-e-type=\"section\">\n\t\t\t\t\t\t<div class=\"elementor-container elementor-column-gap-default\">\n\t\t\t\t\t<div class=\"elementor-column elementor-col-100 elementor-top-column elementor-element elementor-element-9926862\" data-id=\"9926862\" data-element_type=\"column\" data-e-type=\"column\">\n\t\t\t<div class=\"elementor-widget-wrap elementor-element-populated\">\n\t\t\t\t\t\t\t<\/div>\n\t\t<\/div>\n\t\t\t\t\t<\/div>\n\t\t<\/section>\n\t\t\t\t<\/div>\n\t\t","protected":false},"excerpt":{"rendered":"<p>Qui sommes-nous? CLEF Mitis-Neigette fait de l&#8217;alphab\u00e9tisation populaire.On offre des ateliers pour apprendre \u00e0 lire, \u00e0 \u00e9crire, \u00e0 compter et \u00e0 utiliser un ordinateur.On peut aussi t&#8217;aider \u00e0 remplir un formulaire, envoyer un courriel, comprendre une facture&#8230; Pour en savoir plus, appelle-nous au 418-724-6749 (poste 0) Suivez-nous sur Facebook CLEF Mitis-Neigette<\/p>\n","protected":false},"author":1,"featured_media":0,"parent":0,"menu_order":0,"comment_status":"closed","ping_status":"closed","template":"","meta":{"footnotes":""},"class_list":["post-8","page","type-page","status-publish"],"yoast_head":"<!-- This site is optimized with the Yoast SEO plugin v27.2 - https:\/\/yoast.com\/product\/yoast-seo-wordpress\/ -->\n<title>Accueil - CLEF Mitis-Neigette<\/title>\n<meta name=\"robots\" content=\"index, follow, max-snippet:-1, max-image-preview:large, max-video-preview:-1\" \/>\n<link rel=\"canonical\" href=\"https:\/\/clef-alphapop.org\/\" \/>\n<meta property=\"og:locale\" content=\"en_US\" \/>\n<meta property=\"og:type\" content=\"article\" \/>\n<meta property=\"og:title\" content=\"Accueil - CLEF Mitis-Neigette\" \/>\n<meta property=\"og:description\" content=\"Qui sommes-nous? CLEF Mitis-Neigette fait de l&#8217;alphab\u00e9tisation populaire.On offre des ateliers pour apprendre \u00e0 lire, \u00e0 \u00e9crire, \u00e0 compter et \u00e0 utiliser un ordinateur.On peut aussi t&#8217;aider \u00e0 remplir un formulaire, envoyer un courriel, comprendre une facture&#8230; Pour en savoir plus, appelle-nous au 418-724-6749 (poste 0) Suivez-nous sur Facebook CLEF Mitis-Neigette\" \/>\n<meta property=\"og:url\" content=\"https:\/\/clef-alphapop.org\/\" \/>\n<meta property=\"og:site_name\" content=\"CLEF Mitis-Neigette\" \/>\n<meta property=\"article:publisher\" content=\"https:\/\/www.facebook.com\/clefmitisneigette\/?locale=fr_CA\" \/>\n<meta property=\"article:modified_time\" content=\"2026-03-27T19:39:25+00:00\" \/>\n<meta property=\"og:image\" content=\"https:\/\/clef-alphapop.org\/wp-content\/uploads\/2026\/03\/Photo-1-3-768x547.jpg\" \/>\n<meta name=\"twitter:card\" content=\"summary_large_image\" \/>\n<meta name=\"twitter:label1\" content=\"Est. reading time\" \/>\n\t<meta name=\"twitter:data1\" content=\"2 minutes\" \/>\n<script type=\"application\/ld+json\" class=\"yoast-schema-graph\">{\"@context\":\"https:\/\/schema.org\",\"@graph\":[{\"@type\":\"WebPage\",\"@id\":\"https:\/\/clef-alphapop.org\/\",\"url\":\"https:\/\/clef-alphapop.org\/\",\"name\":\"Accueil - CLEF Mitis-Neigette\",\"isPartOf\":{\"@id\":\"https:\/\/clef-alphapop.org\/#website\"},\"primaryImageOfPage\":{\"@id\":\"https:\/\/clef-alphapop.org\/#primaryimage\"},\"image\":{\"@id\":\"https:\/\/clef-alphapop.org\/#primaryimage\"},\"thumbnailUrl\":\"https:\/\/clef-alphapop.org\/wp-content\/uploads\/2026\/03\/Photo-1-3-768x547.jpg\",\"datePublished\":\"2023-07-25T17:33:31+00:00\",\"dateModified\":\"2026-03-27T19:39:25+00:00\",\"breadcrumb\":{\"@id\":\"https:\/\/clef-alphapop.org\/#breadcrumb\"},\"inLanguage\":\"en-US\",\"potentialAction\":[{\"@type\":\"ReadAction\",\"target\":[\"https:\/\/clef-alphapop.org\/\"]}]},{\"@type\":\"ImageObject\",\"inLanguage\":\"en-US\",\"@id\":\"https:\/\/clef-alphapop.org\/#primaryimage\",\"url\":\"https:\/\/clef-alphapop.org\/wp-content\/uploads\/2026\/03\/Photo-1-3.jpg\",\"contentUrl\":\"https:\/\/clef-alphapop.org\/wp-content\/uploads\/2026\/03\/Photo-1-3.jpg\",\"width\":1589,\"height\":1131},{\"@type\":\"BreadcrumbList\",\"@id\":\"https:\/\/clef-alphapop.org\/#breadcrumb\",\"itemListElement\":[{\"@type\":\"ListItem\",\"position\":1,\"name\":\"Accueil\",\"item\":\"https:\/\/clef-alphapop.org\/\"},{\"@type\":\"ListItem\",\"position\":2,\"name\":\"Accueil\"}]},{\"@type\":\"WebSite\",\"@id\":\"https:\/\/clef-alphapop.org\/#website\",\"url\":\"https:\/\/clef-alphapop.org\/\",\"name\":\"Clef-Alphapop\",\"description\":\"Centre de lecture, d&#039;\u00e9criture et de formations\",\"publisher\":{\"@id\":\"https:\/\/clef-alphapop.org\/#organization\"},\"potentialAction\":[{\"@type\":\"SearchAction\",\"target\":{\"@type\":\"EntryPoint\",\"urlTemplate\":\"https:\/\/clef-alphapop.org\/?s={search_term_string}\"},\"query-input\":{\"@type\":\"PropertyValueSpecification\",\"valueRequired\":true,\"valueName\":\"search_term_string\"}}],\"inLanguage\":\"en-US\"},{\"@type\":\"Organization\",\"@id\":\"https:\/\/clef-alphapop.org\/#organization\",\"name\":\"Clef Mitis-Neigette\",\"url\":\"https:\/\/clef-alphapop.org\/\",\"logo\":{\"@type\":\"ImageObject\",\"inLanguage\":\"en-US\",\"@id\":\"https:\/\/clef-alphapop.org\/#\/schema\/logo\/image\/\",\"url\":\"https:\/\/clef-alphapop.org\/wp-content\/uploads\/2024\/03\/Logo-seul_transparent.png\",\"contentUrl\":\"https:\/\/clef-alphapop.org\/wp-content\/uploads\/2024\/03\/Logo-seul_transparent.png\",\"width\":999,\"height\":344,\"caption\":\"Clef Mitis-Neigette\"},\"image\":{\"@id\":\"https:\/\/clef-alphapop.org\/#\/schema\/logo\/image\/\"},\"sameAs\":[\"https:\/\/www.facebook.com\/clefmitisneigette\/?locale=fr_CA\"]}]}<\/script>\n<!-- \/ Yoast SEO plugin. -->","yoast_head_json":{"title":"Accueil - CLEF Mitis-Neigette","robots":{"index":"index","follow":"follow","max-snippet":"max-snippet:-1","max-image-preview":"max-image-preview:large","max-video-preview":"max-video-preview:-1"},"canonical":"https:\/\/clef-alphapop.org\/","og_locale":"en_US","og_type":"article","og_title":"Accueil - CLEF Mitis-Neigette","og_description":"Qui sommes-nous? CLEF Mitis-Neigette fait de l&#8217;alphab\u00e9tisation populaire.On offre des ateliers pour apprendre \u00e0 lire, \u00e0 \u00e9crire, \u00e0 compter et \u00e0 utiliser un ordinateur.On peut aussi t&#8217;aider \u00e0 remplir un formulaire, envoyer un courriel, comprendre une facture&#8230; Pour en savoir plus, appelle-nous au 418-724-6749 (poste 0) Suivez-nous sur Facebook CLEF Mitis-Neigette","og_url":"https:\/\/clef-alphapop.org\/","og_site_name":"CLEF Mitis-Neigette","article_publisher":"https:\/\/www.facebook.com\/clefmitisneigette\/?locale=fr_CA","article_modified_time":"2026-03-27T19:39:25+00:00","og_image":[{"url":"https:\/\/clef-alphapop.org\/wp-content\/uploads\/2026\/03\/Photo-1-3-768x547.jpg","type":"","width":"","height":""}],"twitter_card":"summary_large_image","twitter_misc":{"Est. reading time":"2 minutes"},"schema":{"@context":"https:\/\/schema.org","@graph":[{"@type":"WebPage","@id":"https:\/\/clef-alphapop.org\/","url":"https:\/\/clef-alphapop.org\/","name":"Accueil - CLEF Mitis-Neigette","isPartOf":{"@id":"https:\/\/clef-alphapop.org\/#website"},"primaryImageOfPage":{"@id":"https:\/\/clef-alphapop.org\/#primaryimage"},"image":{"@id":"https:\/\/clef-alphapop.org\/#primaryimage"},"thumbnailUrl":"https:\/\/clef-alphapop.org\/wp-content\/uploads\/2026\/03\/Photo-1-3-768x547.jpg","datePublished":"2023-07-25T17:33:31+00:00","dateModified":"2026-03-27T19:39:25+00:00","breadcrumb":{"@id":"https:\/\/clef-alphapop.org\/#breadcrumb"},"inLanguage":"en-US","potentialAction":[{"@type":"ReadAction","target":["https:\/\/clef-alphapop.org\/"]}]},{"@type":"ImageObject","inLanguage":"en-US","@id":"https:\/\/clef-alphapop.org\/#primaryimage","url":"https:\/\/clef-alphapop.org\/wp-content\/uploads\/2026\/03\/Photo-1-3.jpg","contentUrl":"https:\/\/clef-alphapop.org\/wp-content\/uploads\/2026\/03\/Photo-1-3.jpg","width":1589,"height":1131},{"@type":"BreadcrumbList","@id":"https:\/\/clef-alphapop.org\/#breadcrumb","itemListElement":[{"@type":"ListItem","position":1,"name":"Accueil","item":"https:\/\/clef-alphapop.org\/"},{"@type":"ListItem","position":2,"name":"Accueil"}]},{"@type":"WebSite","@id":"https:\/\/clef-alphapop.org\/#website","url":"https:\/\/clef-alphapop.org\/","name":"Clef-Alphapop","description":"Centre de lecture, d&#039;\u00e9criture et de formations","publisher":{"@id":"https:\/\/clef-alphapop.org\/#organization"},"potentialAction":[{"@type":"SearchAction","target":{"@type":"EntryPoint","urlTemplate":"https:\/\/clef-alphapop.org\/?s={search_term_string}"},"query-input":{"@type":"PropertyValueSpecification","valueRequired":true,"valueName":"search_term_string"}}],"inLanguage":"en-US"},{"@type":"Organization","@id":"https:\/\/clef-alphapop.org\/#organization","name":"Clef Mitis-Neigette","url":"https:\/\/clef-alphapop.org\/","logo":{"@type":"ImageObject","inLanguage":"en-US","@id":"https:\/\/clef-alphapop.org\/#\/schema\/logo\/image\/","url":"https:\/\/clef-alphapop.org\/wp-content\/uploads\/2024\/03\/Logo-seul_transparent.png","contentUrl":"https:\/\/clef-alphapop.org\/wp-content\/uploads\/2024\/03\/Logo-seul_transparent.png","width":999,"height":344,"caption":"Clef Mitis-Neigette"},"image":{"@id":"https:\/\/clef-alphapop.org\/#\/schema\/logo\/image\/"},"sameAs":["https:\/\/www.facebook.com\/clefmitisneigette\/?locale=fr_CA"]}]}},"_links":{"self":[{"href":"https:\/\/clef-alphapop.org\/index.php?rest_route=\/wp\/v2\/pages\/8","targetHints":{"allow":["GET"]}}],"collection":[{"href":"https:\/\/clef-alphapop.org\/index.php?rest_route=\/wp\/v2\/pages"}],"about":[{"href":"https:\/\/clef-alphapop.org\/index.php?rest_route=\/wp\/v2\/types\/page"}],"author":[{"embeddable":true,"href":"https:\/\/clef-alphapop.org\/index.php?rest_route=\/wp\/v2\/users\/1"}],"replies":[{"embeddable":true,"href":"https:\/\/clef-alphapop.org\/index.php?rest_route=%2Fwp%2Fv2%2Fcomments&post=8"}],"version-history":[{"count":206,"href":"https:\/\/clef-alphapop.org\/index.php?rest_route=\/wp\/v2\/pages\/8\/revisions"}],"predecessor-version":[{"id":1466,"href":"https:\/\/clef-alphapop.org\/index.php?rest_route=\/wp\/v2\/pages\/8\/revisions\/1466"}],"wp:attachment":[{"href":"https:\/\/clef-alphapop.org\/index.php?rest_route=%2Fwp%2Fv2%2Fmedia&parent=8"}],"curies":[{"name":"wp","href":"https:\/\/api.w.org\/{rel}","templated":true}]}}