{"id":390,"date":"2023-08-18T19:31:11","date_gmt":"2023-08-18T19:31:11","guid":{"rendered":"https:\/\/clef-alphapop.org\/?page_id=390"},"modified":"2026-03-27T19:21:32","modified_gmt":"2026-03-27T19:21:32","slug":"activites-pour-les-organisations","status":"publish","type":"page","link":"https:\/\/clef-alphapop.org\/?page_id=390","title":{"rendered":"Services offerts aux organismes"},"content":{"rendered":"\t\t<div data-elementor-type=\"wp-page\" data-elementor-id=\"390\" class=\"elementor elementor-390\">\n\t\t\t\t\t\t<section class=\"elementor-section elementor-top-section elementor-element elementor-element-da3807e elementor-section-boxed elementor-section-height-default elementor-section-height-default\" data-id=\"da3807e\" data-element_type=\"section\" data-e-type=\"section\">\n\t\t\t\t\t\t<div class=\"elementor-container elementor-column-gap-default\">\n\t\t\t\t\t<div class=\"elementor-column elementor-col-100 elementor-top-column elementor-element elementor-element-55f3e9e\" data-id=\"55f3e9e\" data-element_type=\"column\" data-e-type=\"column\">\n\t\t\t<div class=\"elementor-widget-wrap\">\n\t\t\t\t\t\t\t<\/div>\n\t\t<\/div>\n\t\t\t\t\t<\/div>\n\t\t<\/section>\n\t\t\t\t<section class=\"elementor-section elementor-top-section elementor-element elementor-element-ea054dc elementor-section-boxed elementor-section-height-default elementor-section-height-default\" data-id=\"ea054dc\" data-element_type=\"section\" data-e-type=\"section\">\n\t\t\t\t\t\t<div class=\"elementor-container elementor-column-gap-default\">\n\t\t\t\t\t<div class=\"elementor-column elementor-col-100 elementor-top-column elementor-element elementor-element-ede00c6\" data-id=\"ede00c6\" data-element_type=\"column\" data-e-type=\"column\">\n\t\t\t<div class=\"elementor-widget-wrap elementor-element-populated\">\n\t\t\t\t\t\t<div class=\"elementor-element elementor-element-4185b35 elementor-widget elementor-widget-heading\" data-id=\"4185b35\" data-element_type=\"widget\" data-e-type=\"widget\" data-widget_type=\"heading.default\">\n\t\t\t\t<div class=\"elementor-widget-container\">\n\t\t\t\t\t<h2 class=\"elementor-heading-title elementor-size-default\">Langage clair et simple<\/h2>\t\t\t\t<\/div>\n\t\t\t\t<\/div>\n\t\t\t\t\t<\/div>\n\t\t<\/div>\n\t\t\t\t\t<\/div>\n\t\t<\/section>\n\t\t\t\t<section class=\"elementor-section elementor-top-section elementor-element elementor-element-89212dc elementor-section-boxed elementor-section-height-default elementor-section-height-default\" data-id=\"89212dc\" data-element_type=\"section\" data-e-type=\"section\">\n\t\t\t\t\t\t<div class=\"elementor-container elementor-column-gap-default\">\n\t\t\t\t\t<div class=\"elementor-column elementor-col-100 elementor-top-column elementor-element elementor-element-6b2ee34\" data-id=\"6b2ee34\" data-element_type=\"column\" data-e-type=\"column\">\n\t\t\t<div class=\"elementor-widget-wrap elementor-element-populated\">\n\t\t\t\t\t\t<div class=\"elementor-element elementor-element-2765797 elementor-widget-divider--view-line elementor-widget elementor-widget-divider\" data-id=\"2765797\" data-element_type=\"widget\" data-e-type=\"widget\" data-widget_type=\"divider.default\">\n\t\t\t\t<div class=\"elementor-widget-container\">\n\t\t\t\t\t\t\t<div class=\"elementor-divider\">\n\t\t\t<span class=\"elementor-divider-separator\">\n\t\t\t\t\t\t<\/span>\n\t\t<\/div>\n\t\t\t\t\t\t<\/div>\n\t\t\t\t<\/div>\n\t\t\t\t<div class=\"elementor-element elementor-element-cdc3b3c elementor-widget__width-initial elementor-widget elementor-widget-text-editor\" data-id=\"cdc3b3c\" data-element_type=\"widget\" data-e-type=\"widget\" data-widget_type=\"text-editor.default\">\n\t\t\t\t<div class=\"elementor-widget-container\">\n\t\t\t\t\t\t\t\t\t<p style=\"text-align: left;\"><span style=\"font-weight: 400;\">Comprendre et traiter l\u2019information ne repose pas que sur les comp\u00e9tences individuelles de la personne qui re\u00e7oit l&#8217;information!&nbsp;<\/span><\/p><p style=\"text-align: left;\"><span style=\"font-weight: 400;\">On offre une formation sur le langage clair et simple aux organismes de La Mitis et de Rimouski-Neigette qui souhaitent rendre leurs communications plus accessibles.<\/span><\/p>\n<p><span style=\"font-weight: 400;\">La formation permet de :<\/span><\/p>\n<ul>\n<li><span style=\"font-weight: 400;\">se sensibiliser \u00e0 la r\u00e9alit\u00e9 des personnes peu alphab\u00e9tis\u00e9es;<\/span><\/li>\n<li><span style=\"font-weight: 400;\">apprendre comment \u00e9crire de fa\u00e7on accessible;<\/span><\/li>\n<li><span style=\"font-weight: 400;\">se pratiquer \u00e0 simplifier un document concret.<\/span><\/li>\n<\/ul>\n<p><span style=\"font-weight: 400;\">On offre aussi de l\u2019accompagnement individuel \u00e0 la simplification de documents.&nbsp;<\/span><\/p>\n<p><span style=\"font-weight: 400;\"><a href=\"https:\/\/clef-alphapop.org\/?page_id=25\">Contactez-nous<\/a> pour en savoir plus!<\/span><\/p>\t\t\t\t\t\t\t\t<\/div>\n\t\t\t\t<\/div>\n\t\t\t\t\t<\/div>\n\t\t<\/div>\n\t\t\t\t\t<\/div>\n\t\t<\/section>\n\t\t\t\t<section class=\"elementor-section elementor-top-section elementor-element elementor-element-92eb423 elementor-section-boxed elementor-section-height-default elementor-section-height-default\" data-id=\"92eb423\" data-element_type=\"section\" data-e-type=\"section\">\n\t\t\t\t\t\t<div class=\"elementor-container elementor-column-gap-default\">\n\t\t\t\t\t<div class=\"elementor-column elementor-col-100 elementor-top-column elementor-element elementor-element-1ddd965\" data-id=\"1ddd965\" data-element_type=\"column\" data-e-type=\"column\">\n\t\t\t<div class=\"elementor-widget-wrap elementor-element-populated\">\n\t\t\t\t\t\t<div class=\"elementor-element elementor-element-1ac568d elementor-widget__width-initial elementor-widget elementor-widget-image\" data-id=\"1ac568d\" data-element_type=\"widget\" data-e-type=\"widget\" data-widget_type=\"image.default\">\n\t\t\t\t<div class=\"elementor-widget-container\">\n\t\t\t\t\t\t\t\t\t\t\t\t\t\t\t<img fetchpriority=\"high\" decoding=\"async\" width=\"1159\" height=\"1500\" src=\"https:\/\/clef-alphapop.org\/wp-content\/uploads\/2025\/01\/Formation-en-langage-clair-et-simple-1159x1500.png\" class=\"attachment-large size-large wp-image-1345\" alt=\"\" srcset=\"https:\/\/clef-alphapop.org\/wp-content\/uploads\/2025\/01\/Formation-en-langage-clair-et-simple-1159x1500.png 1159w, https:\/\/clef-alphapop.org\/wp-content\/uploads\/2025\/01\/Formation-en-langage-clair-et-simple-464x600.png 464w, https:\/\/clef-alphapop.org\/wp-content\/uploads\/2025\/01\/Formation-en-langage-clair-et-simple-768x994.png 768w, https:\/\/clef-alphapop.org\/wp-content\/uploads\/2025\/01\/Formation-en-langage-clair-et-simple-1187x1536.png 1187w, https:\/\/clef-alphapop.org\/wp-content\/uploads\/2025\/01\/Formation-en-langage-clair-et-simple.png 1545w\" sizes=\"(max-width: 1159px) 100vw, 1159px\" \/>\t\t\t\t\t\t\t\t\t\t\t\t\t\t\t<\/div>\n\t\t\t\t<\/div>\n\t\t\t\t\t<\/div>\n\t\t<\/div>\n\t\t\t\t\t<\/div>\n\t\t<\/section>\n\t\t\t\t<section class=\"elementor-section elementor-top-section elementor-element elementor-element-4788a66 elementor-section-boxed elementor-section-height-default elementor-section-height-default\" data-id=\"4788a66\" data-element_type=\"section\" data-e-type=\"section\">\n\t\t\t\t\t\t<div class=\"elementor-container elementor-column-gap-default\">\n\t\t\t\t\t<div class=\"elementor-column elementor-col-100 elementor-top-column elementor-element elementor-element-adb0a3f\" data-id=\"adb0a3f\" data-element_type=\"column\" data-e-type=\"column\">\n\t\t\t<div class=\"elementor-widget-wrap elementor-element-populated\">\n\t\t\t\t\t\t<div class=\"elementor-element elementor-element-dc4212e elementor-widget elementor-widget-spacer\" data-id=\"dc4212e\" data-element_type=\"widget\" data-e-type=\"widget\" data-widget_type=\"spacer.default\">\n\t\t\t\t<div class=\"elementor-widget-container\">\n\t\t\t\t\t\t\t<div class=\"elementor-spacer\">\n\t\t\t<div class=\"elementor-spacer-inner\"><\/div>\n\t\t<\/div>\n\t\t\t\t\t\t<\/div>\n\t\t\t\t<\/div>\n\t\t\t\t\t<\/div>\n\t\t<\/div>\n\t\t\t\t\t<\/div>\n\t\t<\/section>\n\t\t\t\t<section class=\"elementor-section elementor-top-section elementor-element elementor-element-55be48d elementor-section-boxed elementor-section-height-default elementor-section-height-default\" data-id=\"55be48d\" data-element_type=\"section\" data-e-type=\"section\">\n\t\t\t\t\t\t<div class=\"elementor-container elementor-column-gap-default\">\n\t\t\t\t\t<div class=\"elementor-column elementor-col-100 elementor-top-column elementor-element elementor-element-2bd3f00\" data-id=\"2bd3f00\" data-element_type=\"column\" data-e-type=\"column\">\n\t\t\t<div class=\"elementor-widget-wrap elementor-element-populated\">\n\t\t\t\t\t\t<div class=\"elementor-element elementor-element-0d2b36d elementor-widget__width-initial elementor-absolute elementor-widget elementor-widget-image\" data-id=\"0d2b36d\" data-element_type=\"widget\" data-e-type=\"widget\" data-settings=\"{&quot;_position&quot;:&quot;absolute&quot;}\" data-widget_type=\"image.default\">\n\t\t\t\t<div class=\"elementor-widget-container\">\n\t\t\t\t\t\t\t\t\t\t\t\t\t\t\t<img decoding=\"async\" width=\"320\" height=\"348\" src=\"https:\/\/clef-alphapop.org\/wp-content\/uploads\/2024\/05\/Brochure-version-Amelie-2.png\" class=\"attachment-large size-large wp-image-1202\" alt=\"\" \/>\t\t\t\t\t\t\t\t\t\t\t\t\t\t\t<\/div>\n\t\t\t\t<\/div>\n\t\t\t\t\t<\/div>\n\t\t<\/div>\n\t\t\t\t\t<\/div>\n\t\t<\/section>\n\t\t\t\t<section class=\"elementor-section elementor-top-section elementor-element elementor-element-a0e8cc7 elementor-section-boxed elementor-section-height-default elementor-section-height-default\" data-id=\"a0e8cc7\" data-element_type=\"section\" data-e-type=\"section\">\n\t\t\t\t\t\t<div class=\"elementor-container elementor-column-gap-default\">\n\t\t\t\t\t<div class=\"elementor-column elementor-col-100 elementor-top-column elementor-element elementor-element-c2f4add\" data-id=\"c2f4add\" data-element_type=\"column\" data-e-type=\"column\">\n\t\t\t<div class=\"elementor-widget-wrap elementor-element-populated\">\n\t\t\t\t\t\t<div class=\"elementor-element elementor-element-4262b29 elementor-widget elementor-widget-heading\" data-id=\"4262b29\" data-element_type=\"widget\" data-e-type=\"widget\" data-widget_type=\"heading.default\">\n\t\t\t\t<div class=\"elementor-widget-container\">\n\t\t\t\t\t<h2 class=\"elementor-heading-title elementor-size-default\">Ateliers th\u00e9matiques<\/h2>\t\t\t\t<\/div>\n\t\t\t\t<\/div>\n\t\t\t\t\t<\/div>\n\t\t<\/div>\n\t\t\t\t\t<\/div>\n\t\t<\/section>\n\t\t\t\t<section class=\"elementor-section elementor-top-section elementor-element elementor-element-975eded elementor-section-boxed elementor-section-height-default elementor-section-height-default\" data-id=\"975eded\" data-element_type=\"section\" data-e-type=\"section\">\n\t\t\t\t\t\t<div class=\"elementor-container elementor-column-gap-default\">\n\t\t\t\t\t<div class=\"elementor-column elementor-col-100 elementor-top-column elementor-element elementor-element-c925d70\" data-id=\"c925d70\" data-element_type=\"column\" data-e-type=\"column\">\n\t\t\t<div class=\"elementor-widget-wrap elementor-element-populated\">\n\t\t\t\t\t\t<div class=\"elementor-element elementor-element-c11e990 elementor-widget-divider--view-line elementor-widget elementor-widget-divider\" data-id=\"c11e990\" data-element_type=\"widget\" data-e-type=\"widget\" data-widget_type=\"divider.default\">\n\t\t\t\t<div class=\"elementor-widget-container\">\n\t\t\t\t\t\t\t<div class=\"elementor-divider\">\n\t\t\t<span class=\"elementor-divider-separator\">\n\t\t\t\t\t\t<\/span>\n\t\t<\/div>\n\t\t\t\t\t\t<\/div>\n\t\t\t\t<\/div>\n\t\t\t\t<div class=\"elementor-element elementor-element-8876657 elementor-widget elementor-widget-text-editor\" data-id=\"8876657\" data-element_type=\"widget\" data-e-type=\"widget\" data-widget_type=\"text-editor.default\">\n\t\t\t\t<div class=\"elementor-widget-container\">\n\t\t\t\t\t\t\t\t\t<p><span style=\"font-weight: 400;\">Vous avez remarqu\u00e9 des difficult\u00e9s en lien avec la lecture dans votre milieu ?<\/span><\/p><p><span style=\"font-weight: 400;\">Contactez-nous. On peut venir animer un atelier sur les difficult\u00e9s cibl\u00e9es.<\/span><\/p><p><span style=\"font-weight: 400;\">On vous invite \u00e9galement \u00e0 <a href=\"https:\/\/jelis.ticfga.ca\/ateliers\/\">consulter la s\u00e9rie d\u2019ateliers<\/a> que nous avons d\u00e9j\u00e0 cr\u00e9\u00e9s \u00e0 la demande d\u2019autres organismes.<\/span><\/p>\t\t\t\t\t\t\t\t<\/div>\n\t\t\t\t<\/div>\n\t\t\t\t\t<\/div>\n\t\t<\/div>\n\t\t\t\t\t<\/div>\n\t\t<\/section>\n\t\t\t\t<\/div>\n\t\t","protected":false},"excerpt":{"rendered":"<p>Langage clair et simple Comprendre et traiter l\u2019information ne repose pas que sur les comp\u00e9tences individuelles de la personne qui re\u00e7oit l&#8217;information!&nbsp; On offre une formation sur le langage clair et simple aux organismes de La Mitis et de Rimouski-Neigette qui souhaitent rendre leurs communications plus accessibles. La formation permet de : se sensibiliser \u00e0 &#8230; <a title=\"Services offerts aux organismes\" class=\"read-more\" href=\"https:\/\/clef-alphapop.org\/?page_id=390\" aria-label=\"Read more about Services offerts aux organismes\">Read more<\/a><\/p>\n","protected":false},"author":2,"featured_media":0,"parent":0,"menu_order":0,"comment_status":"closed","ping_status":"closed","template":"","meta":{"footnotes":""},"class_list":["post-390","page","type-page","status-publish"],"yoast_head":"<!-- This site is optimized with the Yoast SEO plugin v27.2 - https:\/\/yoast.com\/product\/yoast-seo-wordpress\/ -->\n<title>Services offerts aux organismes - CLEF Mitis-Neigette<\/title>\n<meta name=\"robots\" content=\"index, follow, max-snippet:-1, max-image-preview:large, max-video-preview:-1\" \/>\n<link rel=\"canonical\" href=\"https:\/\/clef-alphapop.org\/?page_id=390\" \/>\n<meta property=\"og:locale\" content=\"en_US\" \/>\n<meta property=\"og:type\" content=\"article\" \/>\n<meta property=\"og:title\" content=\"Services offerts aux organismes - CLEF Mitis-Neigette\" \/>\n<meta property=\"og:description\" content=\"Langage clair et simple Comprendre et traiter l\u2019information ne repose pas que sur les comp\u00e9tences individuelles de la personne qui re\u00e7oit l&#8217;information!&nbsp; On offre une formation sur le langage clair et simple aux organismes de La Mitis et de Rimouski-Neigette qui souhaitent rendre leurs communications plus accessibles. La formation permet de : se sensibiliser \u00e0 ... Read more\" \/>\n<meta property=\"og:url\" content=\"https:\/\/clef-alphapop.org\/?page_id=390\" \/>\n<meta property=\"og:site_name\" content=\"CLEF Mitis-Neigette\" \/>\n<meta property=\"article:publisher\" content=\"https:\/\/www.facebook.com\/clefmitisneigette\/?locale=fr_CA\" \/>\n<meta property=\"article:modified_time\" content=\"2026-03-27T19:21:32+00:00\" \/>\n<meta property=\"og:image\" content=\"https:\/\/clef-alphapop.org\/wp-content\/uploads\/2025\/01\/Formation-en-langage-clair-et-simple.png\" \/>\n\t<meta property=\"og:image:width\" content=\"1545\" \/>\n\t<meta property=\"og:image:height\" content=\"2000\" \/>\n\t<meta property=\"og:image:type\" content=\"image\/png\" \/>\n<meta name=\"twitter:card\" content=\"summary_large_image\" \/>\n<meta name=\"twitter:label1\" content=\"Est. reading time\" \/>\n\t<meta name=\"twitter:data1\" content=\"2 minutes\" \/>\n<script type=\"application\/ld+json\" class=\"yoast-schema-graph\">{\"@context\":\"https:\/\/schema.org\",\"@graph\":[{\"@type\":\"WebPage\",\"@id\":\"https:\/\/clef-alphapop.org\/?page_id=390\",\"url\":\"https:\/\/clef-alphapop.org\/?page_id=390\",\"name\":\"Services offerts aux organismes - CLEF Mitis-Neigette\",\"isPartOf\":{\"@id\":\"https:\/\/clef-alphapop.org\/#website\"},\"primaryImageOfPage\":{\"@id\":\"https:\/\/clef-alphapop.org\/?page_id=390#primaryimage\"},\"image\":{\"@id\":\"https:\/\/clef-alphapop.org\/?page_id=390#primaryimage\"},\"thumbnailUrl\":\"https:\/\/clef-alphapop.org\/wp-content\/uploads\/2025\/01\/Formation-en-langage-clair-et-simple-1159x1500.png\",\"datePublished\":\"2023-08-18T19:31:11+00:00\",\"dateModified\":\"2026-03-27T19:21:32+00:00\",\"breadcrumb\":{\"@id\":\"https:\/\/clef-alphapop.org\/?page_id=390#breadcrumb\"},\"inLanguage\":\"en-US\",\"potentialAction\":[{\"@type\":\"ReadAction\",\"target\":[\"https:\/\/clef-alphapop.org\/?page_id=390\"]}]},{\"@type\":\"ImageObject\",\"inLanguage\":\"en-US\",\"@id\":\"https:\/\/clef-alphapop.org\/?page_id=390#primaryimage\",\"url\":\"https:\/\/clef-alphapop.org\/wp-content\/uploads\/2025\/01\/Formation-en-langage-clair-et-simple.png\",\"contentUrl\":\"https:\/\/clef-alphapop.org\/wp-content\/uploads\/2025\/01\/Formation-en-langage-clair-et-simple.png\",\"width\":1545,\"height\":2000},{\"@type\":\"BreadcrumbList\",\"@id\":\"https:\/\/clef-alphapop.org\/?page_id=390#breadcrumb\",\"itemListElement\":[{\"@type\":\"ListItem\",\"position\":1,\"name\":\"Accueil\",\"item\":\"https:\/\/clef-alphapop.org\/\"},{\"@type\":\"ListItem\",\"position\":2,\"name\":\"Services offerts aux organismes\"}]},{\"@type\":\"WebSite\",\"@id\":\"https:\/\/clef-alphapop.org\/#website\",\"url\":\"https:\/\/clef-alphapop.org\/\",\"name\":\"Clef-Alphapop\",\"description\":\"Centre de lecture, d&#039;\u00e9criture et de formations\",\"publisher\":{\"@id\":\"https:\/\/clef-alphapop.org\/#organization\"},\"potentialAction\":[{\"@type\":\"SearchAction\",\"target\":{\"@type\":\"EntryPoint\",\"urlTemplate\":\"https:\/\/clef-alphapop.org\/?s={search_term_string}\"},\"query-input\":{\"@type\":\"PropertyValueSpecification\",\"valueRequired\":true,\"valueName\":\"search_term_string\"}}],\"inLanguage\":\"en-US\"},{\"@type\":\"Organization\",\"@id\":\"https:\/\/clef-alphapop.org\/#organization\",\"name\":\"Clef Mitis-Neigette\",\"url\":\"https:\/\/clef-alphapop.org\/\",\"logo\":{\"@type\":\"ImageObject\",\"inLanguage\":\"en-US\",\"@id\":\"https:\/\/clef-alphapop.org\/#\/schema\/logo\/image\/\",\"url\":\"https:\/\/clef-alphapop.org\/wp-content\/uploads\/2024\/03\/Logo-seul_transparent.png\",\"contentUrl\":\"https:\/\/clef-alphapop.org\/wp-content\/uploads\/2024\/03\/Logo-seul_transparent.png\",\"width\":999,\"height\":344,\"caption\":\"Clef Mitis-Neigette\"},\"image\":{\"@id\":\"https:\/\/clef-alphapop.org\/#\/schema\/logo\/image\/\"},\"sameAs\":[\"https:\/\/www.facebook.com\/clefmitisneigette\/?locale=fr_CA\"]}]}<\/script>\n<!-- \/ Yoast SEO plugin. -->","yoast_head_json":{"title":"Services offerts aux organismes - CLEF Mitis-Neigette","robots":{"index":"index","follow":"follow","max-snippet":"max-snippet:-1","max-image-preview":"max-image-preview:large","max-video-preview":"max-video-preview:-1"},"canonical":"https:\/\/clef-alphapop.org\/?page_id=390","og_locale":"en_US","og_type":"article","og_title":"Services offerts aux organismes - CLEF Mitis-Neigette","og_description":"Langage clair et simple Comprendre et traiter l\u2019information ne repose pas que sur les comp\u00e9tences individuelles de la personne qui re\u00e7oit l&#8217;information!&nbsp; On offre une formation sur le langage clair et simple aux organismes de La Mitis et de Rimouski-Neigette qui souhaitent rendre leurs communications plus accessibles. La formation permet de : se sensibiliser \u00e0 ... Read more","og_url":"https:\/\/clef-alphapop.org\/?page_id=390","og_site_name":"CLEF Mitis-Neigette","article_publisher":"https:\/\/www.facebook.com\/clefmitisneigette\/?locale=fr_CA","article_modified_time":"2026-03-27T19:21:32+00:00","og_image":[{"width":1545,"height":2000,"url":"https:\/\/clef-alphapop.org\/wp-content\/uploads\/2025\/01\/Formation-en-langage-clair-et-simple.png","type":"image\/png"}],"twitter_card":"summary_large_image","twitter_misc":{"Est. reading time":"2 minutes"},"schema":{"@context":"https:\/\/schema.org","@graph":[{"@type":"WebPage","@id":"https:\/\/clef-alphapop.org\/?page_id=390","url":"https:\/\/clef-alphapop.org\/?page_id=390","name":"Services offerts aux organismes - CLEF Mitis-Neigette","isPartOf":{"@id":"https:\/\/clef-alphapop.org\/#website"},"primaryImageOfPage":{"@id":"https:\/\/clef-alphapop.org\/?page_id=390#primaryimage"},"image":{"@id":"https:\/\/clef-alphapop.org\/?page_id=390#primaryimage"},"thumbnailUrl":"https:\/\/clef-alphapop.org\/wp-content\/uploads\/2025\/01\/Formation-en-langage-clair-et-simple-1159x1500.png","datePublished":"2023-08-18T19:31:11+00:00","dateModified":"2026-03-27T19:21:32+00:00","breadcrumb":{"@id":"https:\/\/clef-alphapop.org\/?page_id=390#breadcrumb"},"inLanguage":"en-US","potentialAction":[{"@type":"ReadAction","target":["https:\/\/clef-alphapop.org\/?page_id=390"]}]},{"@type":"ImageObject","inLanguage":"en-US","@id":"https:\/\/clef-alphapop.org\/?page_id=390#primaryimage","url":"https:\/\/clef-alphapop.org\/wp-content\/uploads\/2025\/01\/Formation-en-langage-clair-et-simple.png","contentUrl":"https:\/\/clef-alphapop.org\/wp-content\/uploads\/2025\/01\/Formation-en-langage-clair-et-simple.png","width":1545,"height":2000},{"@type":"BreadcrumbList","@id":"https:\/\/clef-alphapop.org\/?page_id=390#breadcrumb","itemListElement":[{"@type":"ListItem","position":1,"name":"Accueil","item":"https:\/\/clef-alphapop.org\/"},{"@type":"ListItem","position":2,"name":"Services offerts aux organismes"}]},{"@type":"WebSite","@id":"https:\/\/clef-alphapop.org\/#website","url":"https:\/\/clef-alphapop.org\/","name":"Clef-Alphapop","description":"Centre de lecture, d&#039;\u00e9criture et de formations","publisher":{"@id":"https:\/\/clef-alphapop.org\/#organization"},"potentialAction":[{"@type":"SearchAction","target":{"@type":"EntryPoint","urlTemplate":"https:\/\/clef-alphapop.org\/?s={search_term_string}"},"query-input":{"@type":"PropertyValueSpecification","valueRequired":true,"valueName":"search_term_string"}}],"inLanguage":"en-US"},{"@type":"Organization","@id":"https:\/\/clef-alphapop.org\/#organization","name":"Clef Mitis-Neigette","url":"https:\/\/clef-alphapop.org\/","logo":{"@type":"ImageObject","inLanguage":"en-US","@id":"https:\/\/clef-alphapop.org\/#\/schema\/logo\/image\/","url":"https:\/\/clef-alphapop.org\/wp-content\/uploads\/2024\/03\/Logo-seul_transparent.png","contentUrl":"https:\/\/clef-alphapop.org\/wp-content\/uploads\/2024\/03\/Logo-seul_transparent.png","width":999,"height":344,"caption":"Clef Mitis-Neigette"},"image":{"@id":"https:\/\/clef-alphapop.org\/#\/schema\/logo\/image\/"},"sameAs":["https:\/\/www.facebook.com\/clefmitisneigette\/?locale=fr_CA"]}]}},"_links":{"self":[{"href":"https:\/\/clef-alphapop.org\/index.php?rest_route=\/wp\/v2\/pages\/390","targetHints":{"allow":["GET"]}}],"collection":[{"href":"https:\/\/clef-alphapop.org\/index.php?rest_route=\/wp\/v2\/pages"}],"about":[{"href":"https:\/\/clef-alphapop.org\/index.php?rest_route=\/wp\/v2\/types\/page"}],"author":[{"embeddable":true,"href":"https:\/\/clef-alphapop.org\/index.php?rest_route=\/wp\/v2\/users\/2"}],"replies":[{"embeddable":true,"href":"https:\/\/clef-alphapop.org\/index.php?rest_route=%2Fwp%2Fv2%2Fcomments&post=390"}],"version-history":[{"count":44,"href":"https:\/\/clef-alphapop.org\/index.php?rest_route=\/wp\/v2\/pages\/390\/revisions"}],"predecessor-version":[{"id":1451,"href":"https:\/\/clef-alphapop.org\/index.php?rest_route=\/wp\/v2\/pages\/390\/revisions\/1451"}],"wp:attachment":[{"href":"https:\/\/clef-alphapop.org\/index.php?rest_route=%2Fwp%2Fv2%2Fmedia&parent=390"}],"curies":[{"name":"wp","href":"https:\/\/api.w.org\/{rel}","templated":true}]}}