{"id":388,"date":"2023-08-18T19:29:58","date_gmt":"2023-08-18T19:29:58","guid":{"rendered":"https:\/\/clef-alphapop.org\/?page_id=388"},"modified":"2026-03-27T19:10:01","modified_gmt":"2026-03-27T19:10:01","slug":"ecri-pop","status":"publish","type":"page","link":"https:\/\/clef-alphapop.org\/?page_id=388","title":{"rendered":"\u00c9cri-pop"},"content":{"rendered":"\t\t<div data-elementor-type=\"wp-page\" data-elementor-id=\"388\" class=\"elementor elementor-388\">\n\t\t\t\t\t\t<section class=\"elementor-section elementor-top-section elementor-element elementor-element-b619c15 elementor-section-boxed elementor-section-height-default elementor-section-height-default\" data-id=\"b619c15\" data-element_type=\"section\" data-e-type=\"section\">\n\t\t\t\t\t\t<div class=\"elementor-container elementor-column-gap-default\">\n\t\t\t\t\t<div class=\"elementor-column elementor-col-100 elementor-top-column elementor-element elementor-element-ae83bb2\" data-id=\"ae83bb2\" data-element_type=\"column\" data-e-type=\"column\">\n\t\t\t<div class=\"elementor-widget-wrap elementor-element-populated\">\n\t\t\t\t\t\t<div class=\"elementor-element elementor-element-ca3b292 elementor-widget elementor-widget-image\" data-id=\"ca3b292\" data-element_type=\"widget\" data-e-type=\"widget\" data-widget_type=\"image.default\">\n\t\t\t\t<div class=\"elementor-widget-container\">\n\t\t\t\t\t\t\t\t\t\t\t\t\t\t\t<img fetchpriority=\"high\" decoding=\"async\" width=\"768\" height=\"576\" src=\"https:\/\/clef-alphapop.org\/wp-content\/uploads\/2026\/02\/Generique-1-768x576.png\" class=\"attachment-medium_large size-medium_large wp-image-1381\" alt=\"\" srcset=\"https:\/\/clef-alphapop.org\/wp-content\/uploads\/2026\/02\/Generique-1-768x576.png 768w, https:\/\/clef-alphapop.org\/wp-content\/uploads\/2026\/02\/Generique-1-600x450.png 600w, https:\/\/clef-alphapop.org\/wp-content\/uploads\/2026\/02\/Generique-1-1500x1125.png 1500w, https:\/\/clef-alphapop.org\/wp-content\/uploads\/2026\/02\/Generique-1-1536x1152.png 1536w, https:\/\/clef-alphapop.org\/wp-content\/uploads\/2026\/02\/Generique-1-2048x1536.png 2048w\" sizes=\"(max-width: 768px) 100vw, 768px\" \/>\t\t\t\t\t\t\t\t\t\t\t\t\t\t\t<\/div>\n\t\t\t\t<\/div>\n\t\t\t\t\t<\/div>\n\t\t<\/div>\n\t\t\t\t\t<\/div>\n\t\t<\/section>\n\t\t\t\t<section class=\"elementor-section elementor-top-section elementor-element elementor-element-f93c904 elementor-section-boxed elementor-section-height-default elementor-section-height-default\" data-id=\"f93c904\" data-element_type=\"section\" data-e-type=\"section\">\n\t\t\t\t\t\t<div class=\"elementor-container elementor-column-gap-default\">\n\t\t\t\t\t<div class=\"elementor-column elementor-col-100 elementor-top-column elementor-element elementor-element-7a0ed03\" data-id=\"7a0ed03\" data-element_type=\"column\" data-e-type=\"column\">\n\t\t\t<div class=\"elementor-widget-wrap elementor-element-populated\">\n\t\t\t\t\t\t<div class=\"elementor-element elementor-element-49cb697 elementor-widget elementor-widget-text-editor\" data-id=\"49cb697\" data-element_type=\"widget\" data-e-type=\"widget\" data-widget_type=\"text-editor.default\">\n\t\t\t\t<div class=\"elementor-widget-container\">\n\t\t\t\t\t\t\t\t\t<p><span style=\"font-weight: 400;\">\u00c9cri-pop est un service d\u2019\u00e9crivain public.<\/span><\/p><p><span style=\"font-weight: 400;\">Tu peux venir avec un formulaire que tu trouves compliqu\u00e9. On va t\u2019aider \u00e0 le comprendre et le remplir.<br>Tu peux venir avec une facture que tu ne comprends pas. On va la lire avec toi. <br>Tu peux venir pour avoir de l\u2019aide pour envoyer des courriels \u00e0 tes proches ou encore pour \u00e9crire une lettre.<\/span><\/p>\n<p><span style=\"font-weight: 400;\">En gros, tu peux venir d\u00e8s que tu as besoin d\u2019aide avec un document \u00e9crit, qu\u2019il soit sur papier ou sur l\u2019ordinateur.<\/span><\/p>\n<p><span style=\"font-weight: 400;\"><strong>C\u2019est gratuit et confidentiel.<\/strong><\/span><\/p>\t\t\t\t\t\t\t\t<\/div>\n\t\t\t\t<\/div>\n\t\t\t\t<div class=\"elementor-element elementor-element-52bf641 elementor-widget elementor-widget-spacer\" data-id=\"52bf641\" data-element_type=\"widget\" data-e-type=\"widget\" data-widget_type=\"spacer.default\">\n\t\t\t\t<div class=\"elementor-widget-container\">\n\t\t\t\t\t\t\t<div class=\"elementor-spacer\">\n\t\t\t<div class=\"elementor-spacer-inner\"><\/div>\n\t\t<\/div>\n\t\t\t\t\t\t<\/div>\n\t\t\t\t<\/div>\n\t\t\t\t\t<\/div>\n\t\t<\/div>\n\t\t\t\t\t<\/div>\n\t\t<\/section>\n\t\t\t\t<section class=\"elementor-section elementor-top-section elementor-element elementor-element-b49b69e elementor-section-boxed elementor-section-height-default elementor-section-height-default\" data-id=\"b49b69e\" data-element_type=\"section\" data-e-type=\"section\">\n\t\t\t\t\t\t<div class=\"elementor-container elementor-column-gap-default\">\n\t\t\t\t\t<div class=\"elementor-column elementor-col-100 elementor-top-column elementor-element elementor-element-f17bc84\" data-id=\"f17bc84\" data-element_type=\"column\" data-e-type=\"column\">\n\t\t\t<div class=\"elementor-widget-wrap elementor-element-populated\">\n\t\t\t\t\t\t<div class=\"elementor-element elementor-element-0ddd119 elementor-widget elementor-widget-text-editor\" data-id=\"0ddd119\" data-element_type=\"widget\" data-e-type=\"widget\" data-widget_type=\"text-editor.default\">\n\t\t\t\t<div class=\"elementor-widget-container\">\n\t\t\t\t\t\t\t\t\t<p><span style=\"font-weight: bold; color: #1971ad; font-size: 36px;\">\u00c0 Rimouski<\/span><\/p>\t\t\t\t\t\t\t\t<\/div>\n\t\t\t\t<\/div>\n\t\t\t\t\t<\/div>\n\t\t<\/div>\n\t\t\t\t\t<\/div>\n\t\t<\/section>\n\t\t\t\t<section class=\"elementor-section elementor-top-section elementor-element elementor-element-e30c43d elementor-section-boxed elementor-section-height-default elementor-section-height-default\" data-id=\"e30c43d\" data-element_type=\"section\" data-e-type=\"section\">\n\t\t\t\t\t\t<div class=\"elementor-container elementor-column-gap-default\">\n\t\t\t\t\t<div class=\"elementor-column elementor-col-100 elementor-top-column elementor-element elementor-element-d26bea0\" data-id=\"d26bea0\" data-element_type=\"column\" data-e-type=\"column\">\n\t\t\t<div class=\"elementor-widget-wrap elementor-element-populated\">\n\t\t\t\t\t\t<div class=\"elementor-element elementor-element-88a98cf elementor-widget__width-initial elementor-widget elementor-widget-text-editor\" data-id=\"88a98cf\" data-element_type=\"widget\" data-e-type=\"widget\" data-widget_type=\"text-editor.default\">\n\t\t\t\t<div class=\"elementor-widget-container\">\n\t\t\t\t\t\t\t\t\t<p><strong>Tous les lundis<\/strong><\/p>\n<p>&nbsp;\u00c0 la Biblioth\u00e8que Lisette-Morin, de 13h \u00e0 16h<\/p>\n<p><br><\/p>\n<p><strong>Tous les jeudis<\/strong><\/p>\n<p>\u00c0 CLEF Mitis-Neigette, de 9h \u00e0 12h<\/p>\t\t\t\t\t\t\t\t<\/div>\n\t\t\t\t<\/div>\n\t\t\t\t\t<\/div>\n\t\t<\/div>\n\t\t\t\t\t<\/div>\n\t\t<\/section>\n\t\t\t\t<section class=\"elementor-section elementor-top-section elementor-element elementor-element-04c1eba elementor-section-boxed elementor-section-height-default elementor-section-height-default\" data-id=\"04c1eba\" data-element_type=\"section\" data-e-type=\"section\">\n\t\t\t\t\t\t<div class=\"elementor-container elementor-column-gap-default\">\n\t\t\t\t\t<div class=\"elementor-column elementor-col-100 elementor-top-column elementor-element elementor-element-178ce7b\" data-id=\"178ce7b\" data-element_type=\"column\" data-e-type=\"column\">\n\t\t\t<div class=\"elementor-widget-wrap elementor-element-populated\">\n\t\t\t\t\t\t<div class=\"elementor-element elementor-element-0839b93 elementor-widget elementor-widget-text-editor\" data-id=\"0839b93\" data-element_type=\"widget\" data-e-type=\"widget\" data-widget_type=\"text-editor.default\">\n\t\t\t\t<div class=\"elementor-widget-container\">\n\t\t\t\t\t\t\t\t\t<p><strong>\u00c0 Mont-Joli<\/strong><\/p>\t\t\t\t\t\t\t\t<\/div>\n\t\t\t\t<\/div>\n\t\t\t\t\t<\/div>\n\t\t<\/div>\n\t\t\t\t\t<\/div>\n\t\t<\/section>\n\t\t\t\t<section class=\"elementor-section elementor-top-section elementor-element elementor-element-c062bce elementor-section-boxed elementor-section-height-default elementor-section-height-default\" data-id=\"c062bce\" data-element_type=\"section\" data-e-type=\"section\">\n\t\t\t\t\t\t<div class=\"elementor-container elementor-column-gap-default\">\n\t\t\t\t\t<div class=\"elementor-column elementor-col-100 elementor-top-column elementor-element elementor-element-3daa883\" data-id=\"3daa883\" data-element_type=\"column\" data-e-type=\"column\">\n\t\t\t<div class=\"elementor-widget-wrap elementor-element-populated\">\n\t\t\t\t\t\t<div class=\"elementor-element elementor-element-92f665d elementor-widget elementor-widget-text-editor\" data-id=\"92f665d\" data-element_type=\"widget\" data-e-type=\"widget\" data-widget_type=\"text-editor.default\">\n\t\t\t\t<div class=\"elementor-widget-container\">\n\t\t\t\t\t\t\t\t\t<p><strong>Tous les mercredis<\/strong><\/p><p>\u00c0 la Place publique, de 10h \u00e0 12h<\/p><p>\u00c0 la Maison des Tournesols, de 13h \u00e0 16h<\/p>\t\t\t\t\t\t\t\t<\/div>\n\t\t\t\t<\/div>\n\t\t\t\t\t<\/div>\n\t\t<\/div>\n\t\t\t\t\t<\/div>\n\t\t<\/section>\n\t\t\t\t<\/div>\n\t\t","protected":false},"excerpt":{"rendered":"<p>\u00c9cri-pop est un service d\u2019\u00e9crivain public. Tu peux venir avec un formulaire que tu trouves compliqu\u00e9. On va t\u2019aider \u00e0 le comprendre et le remplir.Tu peux venir avec une facture que tu ne comprends pas. On va la lire avec toi. Tu peux venir pour avoir de l\u2019aide pour envoyer des courriels \u00e0 tes proches &#8230; <a title=\"\u00c9cri-pop\" class=\"read-more\" href=\"https:\/\/clef-alphapop.org\/?page_id=388\" aria-label=\"Read more about \u00c9cri-pop\">Read more<\/a><\/p>\n","protected":false},"author":2,"featured_media":0,"parent":0,"menu_order":0,"comment_status":"closed","ping_status":"closed","template":"","meta":{"footnotes":""},"class_list":["post-388","page","type-page","status-publish"],"yoast_head":"<!-- This site is optimized with the Yoast SEO plugin v27.2 - https:\/\/yoast.com\/product\/yoast-seo-wordpress\/ -->\n<title>\u00c9cri-pop - CLEF Mitis-Neigette<\/title>\n<meta name=\"robots\" content=\"index, follow, max-snippet:-1, max-image-preview:large, max-video-preview:-1\" \/>\n<link rel=\"canonical\" href=\"https:\/\/clef-alphapop.org\/?page_id=388\" \/>\n<meta property=\"og:locale\" content=\"en_US\" \/>\n<meta property=\"og:type\" content=\"article\" \/>\n<meta property=\"og:title\" content=\"\u00c9cri-pop - CLEF Mitis-Neigette\" \/>\n<meta property=\"og:description\" content=\"\u00c9cri-pop est un service d\u2019\u00e9crivain public. Tu peux venir avec un formulaire que tu trouves compliqu\u00e9. On va t\u2019aider \u00e0 le comprendre et le remplir.Tu peux venir avec une facture que tu ne comprends pas. On va la lire avec toi. Tu peux venir pour avoir de l\u2019aide pour envoyer des courriels \u00e0 tes proches ... Read more\" \/>\n<meta property=\"og:url\" content=\"https:\/\/clef-alphapop.org\/?page_id=388\" \/>\n<meta property=\"og:site_name\" content=\"CLEF Mitis-Neigette\" \/>\n<meta property=\"article:publisher\" content=\"https:\/\/www.facebook.com\/clefmitisneigette\/?locale=fr_CA\" \/>\n<meta property=\"article:modified_time\" content=\"2026-03-27T19:10:01+00:00\" \/>\n<meta property=\"og:image\" content=\"https:\/\/clef-alphapop.org\/wp-content\/uploads\/2026\/02\/Generique-1.png\" \/>\n\t<meta property=\"og:image:width\" content=\"2304\" \/>\n\t<meta property=\"og:image:height\" content=\"1728\" \/>\n\t<meta property=\"og:image:type\" content=\"image\/png\" \/>\n<meta name=\"twitter:card\" content=\"summary_large_image\" \/>\n<meta name=\"twitter:label1\" content=\"Est. reading time\" \/>\n\t<meta name=\"twitter:data1\" content=\"1 minute\" \/>\n<script type=\"application\/ld+json\" class=\"yoast-schema-graph\">{\"@context\":\"https:\/\/schema.org\",\"@graph\":[{\"@type\":\"WebPage\",\"@id\":\"https:\/\/clef-alphapop.org\/?page_id=388\",\"url\":\"https:\/\/clef-alphapop.org\/?page_id=388\",\"name\":\"\u00c9cri-pop - CLEF Mitis-Neigette\",\"isPartOf\":{\"@id\":\"https:\/\/clef-alphapop.org\/#website\"},\"primaryImageOfPage\":{\"@id\":\"https:\/\/clef-alphapop.org\/?page_id=388#primaryimage\"},\"image\":{\"@id\":\"https:\/\/clef-alphapop.org\/?page_id=388#primaryimage\"},\"thumbnailUrl\":\"https:\/\/clef-alphapop.org\/wp-content\/uploads\/2026\/02\/Generique-1-768x576.png\",\"datePublished\":\"2023-08-18T19:29:58+00:00\",\"dateModified\":\"2026-03-27T19:10:01+00:00\",\"breadcrumb\":{\"@id\":\"https:\/\/clef-alphapop.org\/?page_id=388#breadcrumb\"},\"inLanguage\":\"en-US\",\"potentialAction\":[{\"@type\":\"ReadAction\",\"target\":[\"https:\/\/clef-alphapop.org\/?page_id=388\"]}]},{\"@type\":\"ImageObject\",\"inLanguage\":\"en-US\",\"@id\":\"https:\/\/clef-alphapop.org\/?page_id=388#primaryimage\",\"url\":\"https:\/\/clef-alphapop.org\/wp-content\/uploads\/2026\/02\/Generique-1.png\",\"contentUrl\":\"https:\/\/clef-alphapop.org\/wp-content\/uploads\/2026\/02\/Generique-1.png\",\"width\":2304,\"height\":1728},{\"@type\":\"BreadcrumbList\",\"@id\":\"https:\/\/clef-alphapop.org\/?page_id=388#breadcrumb\",\"itemListElement\":[{\"@type\":\"ListItem\",\"position\":1,\"name\":\"Accueil\",\"item\":\"https:\/\/clef-alphapop.org\/\"},{\"@type\":\"ListItem\",\"position\":2,\"name\":\"\u00c9cri-pop\"}]},{\"@type\":\"WebSite\",\"@id\":\"https:\/\/clef-alphapop.org\/#website\",\"url\":\"https:\/\/clef-alphapop.org\/\",\"name\":\"Clef-Alphapop\",\"description\":\"Centre de lecture, d&#039;\u00e9criture et de formations\",\"publisher\":{\"@id\":\"https:\/\/clef-alphapop.org\/#organization\"},\"potentialAction\":[{\"@type\":\"SearchAction\",\"target\":{\"@type\":\"EntryPoint\",\"urlTemplate\":\"https:\/\/clef-alphapop.org\/?s={search_term_string}\"},\"query-input\":{\"@type\":\"PropertyValueSpecification\",\"valueRequired\":true,\"valueName\":\"search_term_string\"}}],\"inLanguage\":\"en-US\"},{\"@type\":\"Organization\",\"@id\":\"https:\/\/clef-alphapop.org\/#organization\",\"name\":\"Clef Mitis-Neigette\",\"url\":\"https:\/\/clef-alphapop.org\/\",\"logo\":{\"@type\":\"ImageObject\",\"inLanguage\":\"en-US\",\"@id\":\"https:\/\/clef-alphapop.org\/#\/schema\/logo\/image\/\",\"url\":\"https:\/\/clef-alphapop.org\/wp-content\/uploads\/2024\/03\/Logo-seul_transparent.png\",\"contentUrl\":\"https:\/\/clef-alphapop.org\/wp-content\/uploads\/2024\/03\/Logo-seul_transparent.png\",\"width\":999,\"height\":344,\"caption\":\"Clef Mitis-Neigette\"},\"image\":{\"@id\":\"https:\/\/clef-alphapop.org\/#\/schema\/logo\/image\/\"},\"sameAs\":[\"https:\/\/www.facebook.com\/clefmitisneigette\/?locale=fr_CA\"]}]}<\/script>\n<!-- \/ Yoast SEO plugin. -->","yoast_head_json":{"title":"\u00c9cri-pop - CLEF Mitis-Neigette","robots":{"index":"index","follow":"follow","max-snippet":"max-snippet:-1","max-image-preview":"max-image-preview:large","max-video-preview":"max-video-preview:-1"},"canonical":"https:\/\/clef-alphapop.org\/?page_id=388","og_locale":"en_US","og_type":"article","og_title":"\u00c9cri-pop - CLEF Mitis-Neigette","og_description":"\u00c9cri-pop est un service d\u2019\u00e9crivain public. Tu peux venir avec un formulaire que tu trouves compliqu\u00e9. On va t\u2019aider \u00e0 le comprendre et le remplir.Tu peux venir avec une facture que tu ne comprends pas. On va la lire avec toi. Tu peux venir pour avoir de l\u2019aide pour envoyer des courriels \u00e0 tes proches ... Read more","og_url":"https:\/\/clef-alphapop.org\/?page_id=388","og_site_name":"CLEF Mitis-Neigette","article_publisher":"https:\/\/www.facebook.com\/clefmitisneigette\/?locale=fr_CA","article_modified_time":"2026-03-27T19:10:01+00:00","og_image":[{"width":2304,"height":1728,"url":"https:\/\/clef-alphapop.org\/wp-content\/uploads\/2026\/02\/Generique-1.png","type":"image\/png"}],"twitter_card":"summary_large_image","twitter_misc":{"Est. reading time":"1 minute"},"schema":{"@context":"https:\/\/schema.org","@graph":[{"@type":"WebPage","@id":"https:\/\/clef-alphapop.org\/?page_id=388","url":"https:\/\/clef-alphapop.org\/?page_id=388","name":"\u00c9cri-pop - CLEF Mitis-Neigette","isPartOf":{"@id":"https:\/\/clef-alphapop.org\/#website"},"primaryImageOfPage":{"@id":"https:\/\/clef-alphapop.org\/?page_id=388#primaryimage"},"image":{"@id":"https:\/\/clef-alphapop.org\/?page_id=388#primaryimage"},"thumbnailUrl":"https:\/\/clef-alphapop.org\/wp-content\/uploads\/2026\/02\/Generique-1-768x576.png","datePublished":"2023-08-18T19:29:58+00:00","dateModified":"2026-03-27T19:10:01+00:00","breadcrumb":{"@id":"https:\/\/clef-alphapop.org\/?page_id=388#breadcrumb"},"inLanguage":"en-US","potentialAction":[{"@type":"ReadAction","target":["https:\/\/clef-alphapop.org\/?page_id=388"]}]},{"@type":"ImageObject","inLanguage":"en-US","@id":"https:\/\/clef-alphapop.org\/?page_id=388#primaryimage","url":"https:\/\/clef-alphapop.org\/wp-content\/uploads\/2026\/02\/Generique-1.png","contentUrl":"https:\/\/clef-alphapop.org\/wp-content\/uploads\/2026\/02\/Generique-1.png","width":2304,"height":1728},{"@type":"BreadcrumbList","@id":"https:\/\/clef-alphapop.org\/?page_id=388#breadcrumb","itemListElement":[{"@type":"ListItem","position":1,"name":"Accueil","item":"https:\/\/clef-alphapop.org\/"},{"@type":"ListItem","position":2,"name":"\u00c9cri-pop"}]},{"@type":"WebSite","@id":"https:\/\/clef-alphapop.org\/#website","url":"https:\/\/clef-alphapop.org\/","name":"Clef-Alphapop","description":"Centre de lecture, d&#039;\u00e9criture et de formations","publisher":{"@id":"https:\/\/clef-alphapop.org\/#organization"},"potentialAction":[{"@type":"SearchAction","target":{"@type":"EntryPoint","urlTemplate":"https:\/\/clef-alphapop.org\/?s={search_term_string}"},"query-input":{"@type":"PropertyValueSpecification","valueRequired":true,"valueName":"search_term_string"}}],"inLanguage":"en-US"},{"@type":"Organization","@id":"https:\/\/clef-alphapop.org\/#organization","name":"Clef Mitis-Neigette","url":"https:\/\/clef-alphapop.org\/","logo":{"@type":"ImageObject","inLanguage":"en-US","@id":"https:\/\/clef-alphapop.org\/#\/schema\/logo\/image\/","url":"https:\/\/clef-alphapop.org\/wp-content\/uploads\/2024\/03\/Logo-seul_transparent.png","contentUrl":"https:\/\/clef-alphapop.org\/wp-content\/uploads\/2024\/03\/Logo-seul_transparent.png","width":999,"height":344,"caption":"Clef Mitis-Neigette"},"image":{"@id":"https:\/\/clef-alphapop.org\/#\/schema\/logo\/image\/"},"sameAs":["https:\/\/www.facebook.com\/clefmitisneigette\/?locale=fr_CA"]}]}},"_links":{"self":[{"href":"https:\/\/clef-alphapop.org\/index.php?rest_route=\/wp\/v2\/pages\/388","targetHints":{"allow":["GET"]}}],"collection":[{"href":"https:\/\/clef-alphapop.org\/index.php?rest_route=\/wp\/v2\/pages"}],"about":[{"href":"https:\/\/clef-alphapop.org\/index.php?rest_route=\/wp\/v2\/types\/page"}],"author":[{"embeddable":true,"href":"https:\/\/clef-alphapop.org\/index.php?rest_route=\/wp\/v2\/users\/2"}],"replies":[{"embeddable":true,"href":"https:\/\/clef-alphapop.org\/index.php?rest_route=%2Fwp%2Fv2%2Fcomments&post=388"}],"version-history":[{"count":88,"href":"https:\/\/clef-alphapop.org\/index.php?rest_route=\/wp\/v2\/pages\/388\/revisions"}],"predecessor-version":[{"id":1444,"href":"https:\/\/clef-alphapop.org\/index.php?rest_route=\/wp\/v2\/pages\/388\/revisions\/1444"}],"wp:attachment":[{"href":"https:\/\/clef-alphapop.org\/index.php?rest_route=%2Fwp%2Fv2%2Fmedia&parent=388"}],"curies":[{"name":"wp","href":"https:\/\/api.w.org\/{rel}","templated":true}]}}